
{"id":1041,"date":"2021-06-02T08:21:35","date_gmt":"2021-06-02T08:21:35","guid":{"rendered":"https:\/\/podpora.nuggetsw.cz\/?page_id=1041"},"modified":"2025-09-23T13:30:35","modified_gmt":"2025-09-23T13:30:35","slug":"muj-nugget","status":"publish","type":"page","link":"https:\/\/podpora.nuggetsw.cz\/index.php\/muj-nugget\/","title":{"rendered":"O Nuggetu"},"content":{"rendered":"\n<div class=\"lsvr_kba-post-archive--category-view\">\n<ul class=\"post-archive__list lsvr-grid lsvr-grid--4-cols lsvr-grid--md-2-cols lsvr-grid--sm-2-cols\"><!-- CATEGORY : begin -->\n<li class=\"post-archive__item lsvr-grid__col lsvr-grid__col--span-3 lsvr-grid__col--md-span-6 lsvr-grid__col--sm-span-6 \">\n<div class=\"post-archive__item-inner\"><!-- CATEGORY HEADER : begin -->\n<div class=\"post-archive__item-header icon-map-about\">\n<h2 class=\"post-archive__item-title onash2title\">Na\u0161e kancel\u00e1\u0159e<\/h2>\n<div class=\"post-archive__item-description\">\n<p>Amazon Court,<br>Karolinsk\u00e1 661\/4,<br>18600 Praha 8,<br>\u010cesk\u00e1 republika<\/p>\n<\/div>\n<\/div>\n<!-- CATEGORY HEADER : end --><\/div>\n<\/li>\n<!-- CATEGORY : end --><!-- CATEGORY : begin -->\n<li class=\"post-archive__item lsvr-grid__col lsvr-grid__col--span-3 lsvr-grid__col--md-span-6 lsvr-grid__col--sm-span-6 \">\n<div class=\"post-archive__item-inner\"><!-- CATEGORY HEADER : begin -->\n<div class=\"post-archive__item-header icon-phone-about\">\n<h2 class=\"post-archive__item-title onash2title\">Na\u0161e hotline linka<\/h2>\n<div class=\"post-archive__item-description\">\n<p>+420 253 253 400<br>Po-P\u00e1 8:00 \u2013 16:00<\/p>\n<\/div>\n<\/div>\n<!-- CATEGORY HEADER : end --><\/div>\n<\/li>\n<!-- CATEGORY : end --><!-- CATEGORY : begin -->\n<li class=\"post-archive__item lsvr-grid__col lsvr-grid__col--span-3 lsvr-grid__col--md-span-6 lsvr-grid__col--sm-span-6 \">\n<div class=\"post-archive__item-inner\"><!-- CATEGORY HEADER : begin -->\n<div class=\"post-archive__item-header icon-mail-about\">\n<h2 class=\"post-archive__item-title onash2title\">Na\u0161e emailov\u00e1 adresa<\/h2>\n<div class=\"post-archive__item-description\">\n<p>Napi\u0161te n\u00e1m na:<br><a href=\"mailto:hotline@nuggetsw.cz\">hotline@nuggetsw.cz<\/a> nebo <a href=\"mailto:it@nuggetsw.cz\">it@nuggetsw.cz<\/a>  nebo <a href=\"mailto:hrportal@nuggetsw.cz\">hrportal@nuggetsw.cz<\/a><\/p>\n<\/div>\n<\/div>\n<!-- CATEGORY HEADER : end --><\/div>\n<\/li>\n<!-- CATEGORY : end --><!-- CATEGORY : begin -->\n<li class=\"post-archive__item lsvr-grid__col lsvr-grid__col--span-3 lsvr-grid__col--md-span-6 lsvr-grid__col--sm-span-6 \">\n<div class=\"post-archive__item-inner\"><!-- CATEGORY HEADER : begin -->\n<div class=\"post-archive__item-header icon-link-about\">\n<h2 class=\"post-archive__item-title onash2title\">Na\u0161e soci\u00e1ln\u00ed s\u00edt\u011b<\/h2>\n<div class=\"post-archive__item-description\">\n<p>Naj\u00edt n\u00e1s m\u016f\u017eete na:<br><a href=\"https:\/\/www.facebook.com\/NuggetSW.cz\">Facebook<\/a> nebo <a href=\"https:\/\/www.linkedin.com\/company\/nuggetsw\/\">LinkedIn<\/a><\/p>\n<\/div>\n<\/div>\n<!-- CATEGORY HEADER : end --><\/div>\n<\/li>\n<!-- CATEGORY : end --><\/ul>\n<\/div>\n\n\n\n<h2 class=\"has-text-align-center wp-block-heading\"><a href=\"https:\/\/podpora.nuggetsw.cz\/index.php\/2021\/08\/09\/z-doplnkoveho-modulu-vyznamnym-hracem-tri-dekady-nugget-sw\/\" target=\"_blank\" rel=\"noopener noreferrer\">P\u0159e\u010dt\u011bte si o na\u0161\u00ed historii<\/a><\/h2>\n\n\n\n<h1 class=\"has-text-align-center wp-block-heading\">Prostor pro Va\u0161e dotazy<\/h1>\n\n\n\n<div class=\"wpcf7 no-js\" id=\"wpcf7-f856-o1\" lang=\"cs-CZ\" dir=\"ltr\" data-wpcf7-id=\"856\">\n<div class=\"screen-reader-response\"><p role=\"status\" aria-live=\"polite\" aria-atomic=\"true\"><\/p> <ul><\/ul><\/div>\n<form action=\"\/index.php\/wp-json\/wp\/v2\/pages\/1041#wpcf7-f856-o1\" method=\"post\" class=\"wpcf7-form init\" aria-label=\"Kontaktn\u00ed formul\u00e1\u0159\" novalidate=\"novalidate\" data-status=\"init\">\n<fieldset class=\"hidden-fields-container\"><input type=\"hidden\" name=\"_wpcf7\" value=\"856\" \/><input type=\"hidden\" name=\"_wpcf7_version\" value=\"6.1.3\" \/><input type=\"hidden\" name=\"_wpcf7_locale\" value=\"cs_CZ\" \/><input type=\"hidden\" name=\"_wpcf7_unit_tag\" value=\"wpcf7-f856-o1\" \/><input type=\"hidden\" name=\"_wpcf7_container_post\" value=\"0\" \/><input type=\"hidden\" name=\"_wpcf7_posted_data_hash\" value=\"\" \/>\n<\/fieldset>\n<p><label class=\"field\"> Va\u0161e jm\u00e9no<br \/>\n<span class=\"wpcf7-form-control-wrap\" data-name=\"your-name\"><input size=\"40\" maxlength=\"400\" class=\"wpcf7-form-control wpcf7-text wpcf7-validates-as-required\" aria-required=\"true\" aria-invalid=\"false\" value=\"\" type=\"text\" name=\"your-name\" \/><\/span> <\/label>\n<\/p>\n<p><label class=\"field\"> V\u00e1\u0161 e-mail<br \/>\n<span class=\"wpcf7-form-control-wrap\" data-name=\"your-email\"><input size=\"40\" maxlength=\"400\" class=\"wpcf7-form-control wpcf7-email wpcf7-validates-as-required wpcf7-text wpcf7-validates-as-email\" aria-required=\"true\" aria-invalid=\"false\" value=\"\" type=\"email\" name=\"your-email\" \/><\/span> <\/label>\n<\/p>\n<p><label class=\"field lastfield\"> P\u0159edm\u011bt<br \/>\n<span class=\"wpcf7-form-control-wrap\" data-name=\"your-subject\"><input size=\"40\" maxlength=\"400\" class=\"wpcf7-form-control wpcf7-text wpcf7-validates-as-required\" aria-required=\"true\" aria-invalid=\"false\" value=\"\" type=\"text\" name=\"your-subject\" \/><\/span> <\/label>\n<\/p>\n<div class=\"clear\">\n<\/div>\n<p><label class=\"msg\"> Va\u0161e zpr\u00e1va (voliteln\u00fd)<br \/>\n<span class=\"wpcf7-form-control-wrap\" data-name=\"your-message\"><textarea cols=\"40\" rows=\"10\" maxlength=\"2000\" class=\"wpcf7-form-control wpcf7-textarea\" aria-invalid=\"false\" name=\"your-message\"><\/textarea><\/span> <\/label>\n<\/p>\n<p><input class=\"wpcf7-form-control wpcf7-submit has-spinner\" type=\"submit\" value=\"Odeslat\" \/>\n<\/p><div class=\"wpcf7-response-output\" aria-hidden=\"true\"><\/div>\n<\/form>\n<\/div>\n\n\n\n\n<h1 class=\"has-text-align-center wp-block-heading\">Seznamte se s t\u00fdmem Nugget<\/h1>\n\n\n\n<div class=\"wp-block-group\"><div class=\"wp-block-group__inner-container is-layout-flow wp-block-group-is-layout-flow\">\n<nav class=\"lsvr-lore-sitemap__nav lsvr-lore-sitemap__nav--masonry lsvr-lore-sitemap__nav--4-cols navonas\">\n<ul id=\"menu-front-page-sitemap\" class=\"lsvr-lore-sitemap__list\" role=\"menu\">\n<li class=\"lsvr-lore-sitemap__item lsvr-lore-sitemap__item--level-0 menu-item menu-item-type-taxonomy menu-item-object-lsvr_kba_cat menu-item-has-children\" role=\"presentation\">\n<figure><img decoding=\"async\" class=\"aligncenter imgonas size-medium wp-image-1127\" src=\"https:\/\/podpora.nuggetsw.cz\/wp-content\/uploads\/2021\/09\/marta.jpg\" alt=\"\"><\/figure><p><\/p>\n<h2 class=\"onas_headline\" style=\"text-align: left;\">Marta Rosov\u00e1<\/h2>\n<p>Marta t\u00fdm Nuggetu od \u010dervence 2020 vede, a to s c\u00edlem poskytovat klient\u016fm prvot\u0159\u00eddn\u00ed produkt i servis. Ve skupin\u011b RSM je s jednou p\u0159est\u00e1vkou vyvolanou mate\u0159sk\u00fdmi povinnostmi a paraleln\u00edm podnik\u00e1n\u00edm v oblasti v\u00fdvoje software ji\u017e v\u00edce jak 21 let.<\/p>\n<p>Marta bydl\u00ed v&nbsp;Doln\u00edch B\u0159e\u017eanech a ve voln\u00e9m \u010dase se v\u011bnuje sv\u00fdm t\u0159em syn\u016fm.<\/p>\n<p class=\"kontakt\"><span class=\"phone icon-phone\">702 035 541<\/span><br><span class=\"mail icon-email-envelope\">marta.rosova@rsm.cz<\/span><\/p>\n<\/li>\n<li class=\"lsvr-lore-sitemap__item lsvr-lore-sitemap__item--level-0 menu-item menu-item-type-taxonomy menu-item-object-lsvr_kba_cat menu-item-has-children\" role=\"presentation\">\n<figure><img decoding=\"async\" class=\"aligncenter imgonas  size-medium wp-image-1110\" src=\"https:\/\/podpora.nuggetsw.cz\/wp-content\/uploads\/2024\/02\/JIrka-web-foto-3-1.jpg\" \"=\"\"><\/figure><p><\/p>\n<h2 class=\"onas_headline\" style=\"text-align: left;\">Ji\u0159\u00ed \u0160r\u00e1mek<\/h2>\n<p>Jirka je v Nuggetu od roku 2020, ale v obchodu nen\u00ed \u017e\u00e1dn\u00fd nov\u00e1\u010dek. Jako obchodn\u00edk pracuje t\u00e9m\u011b\u0159 cel\u00fd \u017eivot a obor nikdy nehr\u00e1l roli. V t\u00fdmu Nugget se velmi rychle zabydlel a s klienty m\u00e1 v\u00fdborn\u00e9 vztahy.<\/p>\n<p>Jirka je sportovec ka\u017ed\u00fdm coulem a m\u016f\u017eete ho potkat na p\u0159ek\u00e1\u017ekov\u00fdch z\u00e1vodech typu Spartan. Krom\u011b sportu pat\u0159\u00ed mezi jeho kon\u00ed\u010dky \u010detba, film, motok\u00e1ry a &#8230;&#8230;.. pr\u00e1ce.<\/p>\n<p class=\"kontakt\"><span class=\"phone icon-phone\">777 566 672<\/span><br><span class=\"mail icon-email-envelope\">jiri.sramek@rsm.cz<\/span><\/p>\n<\/li>\n<li class=\"lsvr-lore-sitemap__item lsvr-lore-sitemap__item--level-0 menu-item menu-item-type-taxonomy menu-item-object-lsvr_kba_cat menu-item-has-children\" role=\"presentation\">\n<figure><img decoding=\"async\" class=\"aligncenter imgonas  size-medium wp-image-1129\" src=\"https:\/\/podpora.nuggetsw.cz\/wp-content\/uploads\/2021\/09\/pavel.jpg\" alt=\"\"><\/figure><p><\/p>\n<h2 class=\"onas_headline\" style=\"text-align: left;\">Pavel St\u00e1rek<\/h2>\n<p>Pavel je jedn\u00edm z p\u016fvodn\u00edch majitel\u016f firmy Nugget SW a obchod m\u00e1 v krvi. Zn\u00e1 v\u0161echny sv\u00e9 klienty a pamatuje si jejich prvn\u00ed kr\u016f\u010dky s Nuggetem.<\/p>\n<p>Pavel r\u00e1d cestuje a tr\u00e1v\u00ed sv\u016fj voln\u00fd \u010das s rodinou.<\/p>\n<p class=\"kontakt\"><span class=\"phone icon-phone\">602 311 097<\/span><br><span class=\"mail icon-email-envelope\">pavel.starek.cz<\/span><\/p>\n<\/li>\n<li class=\"lsvr-lore-sitemap__item lsvr-lore-sitemap__item--level-0 menu-item menu-item-type-taxonomy menu-item-object-lsvr_kba_cat menu-item-has-children\" role=\"presentation\">\n<figure><img decoding=\"async\" class=\"aligncenter imgonas  size-medium wp-image-1112\" src=\"https:\/\/podpora.nuggetsw.cz\/wp-content\/uploads\/2021\/09\/Srb-Jiri_18_LQ-kopie.jpg\" alt=\"\"><\/figure><p><\/p>\n<h2 class=\"onas_headline\" style=\"text-align: left;\"><strong>Ji\u0159\u00ed Srb<\/strong><\/h2>\n<p>Jirka je hlavn\u00ed program\u00e1tor Nuggetu, vystudoval obor softwarov\u00e9 in\u017een\u00fdrstv\u00ed v ekonomii na Fakult\u011b jadern\u00e9 a fyzik\u00e1ln\u011b in\u017een\u00fdrsk\u00e9. V Nuggetu pracuje cel\u00fd sv\u016fj pracovn\u00ed \u017eivot a dle jeho slov by nem\u011bnil.&nbsp;<\/p>\n<p>Jirka \u017eije v D\u011b\u010d\u00edn\u011b a jeho hlavn\u00ed volno\u010dasovou aktivitou jsou po\u010d\u00edta\u010dov\u00e9 hry a odpo\u010dinkov\u00e9 pr\u00e1ce na zahrad\u011b\/stavb\u011b a kdy\u017e se mu dostane \u010dasu, r\u00e1d \u010dte fantasy literaturu.<\/p>\n<p class=\"kontakt\"><span class=\"mail icon-email-envelope\">jiri.srb@rsm.cz<\/span><\/p>\n<\/li>\n<li class=\"lsvr-lore-sitemap__item lsvr-lore-sitemap__item--level-0 menu-item menu-item-type-taxonomy menu-item-object-lsvr_kba_cat menu-item-has-children\" role=\"presentation\">\n<figure><img decoding=\"async\" class=\"aligncenter imgonas  size-medium wp-image-1135\" src=\"https:\/\/podpora.nuggetsw.cz\/wp-content\/uploads\/2021\/09\/ondra.jpg\" alt=\"\"><\/figure><p><\/p>\n<h2 class=\"onas_headline\" style=\"text-align: left;\">Ond\u0159ej St\u0159elba<\/h2>\n<p>Ondra p\u016fsob\u00ed v Nuggetu t\u00e9m\u011b\u0159 od za\u010d\u00e1tku zalo\u017een\u00ed Nugget SW. Za\u010d\u00ednal jako program\u00e1tor a jeho nejv\u011bt\u0161\u00ed dom\u00e9nou je Personalistika a \u0158\u00edzen\u00ed lidsk\u00fdch zdroj\u016f. P\u016fsobil tak\u00e9 jako konzultant a nyn\u00ed je zp\u011bt ve v\u00fdvojov\u00e9m t\u00fdmu.<\/p>\n<p>Ondr\u016fv nejv\u011bt\u0161\u00ed kon\u00ed\u010dek je b\u011bh\u00e1n\u00ed, zejm\u00e9na orienta\u010dn\u00ed b\u011bh.<\/p>\n<p class=\"kontakt\"><span class=\"mail icon-email-envelope\">ondrej.strelba@rsm.cz<\/span><\/p>\n<\/li>\n<li class=\"lsvr-lore-sitemap__item lsvr-lore-sitemap__item--level-0 menu-item menu-item-type-taxonomy menu-item-object-lsvr_kba_cat menu-item-has-children\" role=\"presentation\">\n<figure><img decoding=\"async\" class=\"aligncenter imgonas  size-medium wp-image-1072\" src=\"https:\/\/podpora.nuggetsw.cz\/wp-content\/uploads\/2024\/02\/Peta-web-foto-1.jpg\" alt=\"\"><\/figure><p><\/p>\n<h2 class=\"onas_headline\" style=\"text-align: left;\">Petra Denkov\u00e1<\/h2>\n<p>Petra p\u016fsob\u00ed v Nuggetu od roku 2016, kdy nastoupila do odd\u011blen\u00ed outsourcingu jako mzdov\u00e1 \u00fa\u010detn\u00ed. V roce 2020 ji kolegov\u00e9 p\u0159et\u00e1hli do odd\u011blen\u00ed Nugget a od t\u00e9 doby p\u016fsob\u00ed jako konzultantka zejm\u00e9na mzdov\u00e9ho syst\u00e9mu.<\/p>\n<p>Petra r\u00e1da v\u00fdletuje a v\u0161eobecn\u011b sportuje. Hlavu vyp\u00edn\u00e1 u zaj\u00edmav\u00e9ho seri\u00e1lu, filmu \u010di knihy.<\/p>\n<p class=\"kontakt\"><span class=\"mail icon-email-envelope\">petra.denkova@rsm.cz<\/span><\/p>\n<\/li>\n<li class=\"lsvr-lore-sitemap__item lsvr-lore-sitemap__item--level-0 menu-item menu-item-type-taxonomy menu-item-object-lsvr_kba_cat menu-item-has-children\" role=\"presentation\">\n<figure><img decoding=\"async\" class=\"aligncenter imgonas  size-medium wp-image-1110\" src=\"https:\/\/podpora.nuggetsw.cz\/wp-content\/uploads\/2021\/10\/Kovarovicova-Jana_01_LQ-1.jpg\" \"=\"\"><\/figure><p><\/p>\n<h2 class=\"onas_headline\" style=\"text-align: left;\">Jana Kova\u0159ovi\u010dov\u00e1<\/h2>\n<p>Jana se do Nuggetu vrac\u00ed po odmlce, p\u0159esn\u011b v duchu: dob\u0159\u00ed holubi se vracej\u00ed. V Nugget SW bude m\u00edt Jana na starosti zejm\u00e9na \u0161kolen\u00ed a personalistiku.<\/p>\n<p> Jana r\u00e1da zahradni\u010d\u00ed a dlouhodob\u011b doch\u00e1z\u00ed na kurzy keramiky. Tak\u00e9 r\u00e1da maluje, nap\u0159. na d\u0159ev\u011bn\u00e9 stoli\u010dky.<\/p>\n<p class=\"kontakt\"><span class=\"mail icon-email-envelope\">jana.kovarovicova@rsm.cz<\/span><\/p>\n<\/li>\n<li class=\"lsvr-lore-sitemap__item lsvr-lore-sitemap__item--level-0 menu-item menu-item-type-taxonomy menu-item-object-lsvr_kba_cat menu-item-has-children thelastone\" role=\"presentation\">\n<figure><img decoding=\"async\" class=\"aligncenter imgonas  size-medium wp-image-1135\" src=\"https:\/\/podpora.nuggetsw.cz\/wp-content\/uploads\/2024\/02\/Marcela_6_1.png&quot;&quot;\"><\/figure><p><\/p>\n<h2 class=\"onas_headline\" style=\"text-align: left;\">Marcela Hlavov\u00e1<\/h2>\n<p>Marcela nastoupila na pozici konzultantky. Se zku\u0161enostmi p\u0159ich\u00e1z\u00ed z Billy a Aska, kde p\u016fsobila mnoho let. Jej\u00ed specializac\u00ed je hlavn\u011b legislativa. Marcela se za svou pracovn\u00ed kari\u00e9ru ji\u017e setkala s na\u0161\u00edm mzdov\u00fdm syst\u00e9mem Nugget SW a p\u0159in\u00e1\u0161\u00ed tak mnoho cenn\u00fdch poznatk\u016f p\u0159\u00edmo z ka\u017edodenn\u00ed praxe.\n<\/p>\n<p>Marcela ve voln\u00e9m \u010dase r\u00e1da ly\u017euje, jezd\u00ed na kole a star\u00e1 se o svoji zahr\u00e1dku..<\/p>\n<p class=\"kontakt\"><span class=\"mail icon-email-envelope\">marcela.hlavova@rsm.cz<\/span><\/p>\n<\/li>\n<li class=\"lsvr-lore-sitemap__item lsvr-lore-sitemap__item--level-0 menu-item menu-item-type-taxonomy menu-item-object-lsvr_kba_cat menu-item-has-children\" role=\"presentation\">\n<figure><img decoding=\"async\" class=\"aligncenter imgonas  size-medium wp-image-1135\" src=\"https:\/\/podpora.nuggetsw.cz\/wp-content\/uploads\/2021\/09\/Jana-Picmanova_15092021.jpeg\" alt=\"\"><\/figure><p><\/p>\n<h2 class=\"onas_headline\" style=\"text-align: left;\">Jana Pi\u010dmanov\u00e1<\/h2>\n<p>Jana pracuje v Nuggetu snad cel\u00fd \u017eivot. Pracovala jako mzdov\u00e1 \u00fa\u010detn\u00ed pr\u00e1v\u011b v syst\u00e9mu Nugget a kdy\u017e p\u0159i\u0161el \u010das na zm\u011bnu, v Nuggetu nastoupila jako konzultantka hotline pro \u010ceskou republiku.&nbsp;<\/p>\n<p>Jana miluje turistiku, rodinu a sv\u00e9 \u010dty\u0159noh\u00e9 mazl\u00ed\u010dky.<\/p>\n<p class=\"kontakt\"><span class=\"mail icon-email-envelope\">hotline@rsm.cz<\/span><\/p>\n<\/li>\n<li class=\"lsvr-lore-sitemap__item lsvr-lore-sitemap__item--level-0 menu-item menu-item-type-taxonomy menu-item-object-lsvr_kba_cat menu-item-has-children thelastone\" role=\"presentation\">\n<figure><img decoding=\"async\" class=\"aligncenter imgonas  size-medium wp-image-1135\" src=\"https:\/\/podpora.nuggetsw.cz\/wp-content\/uploads\/2025\/04\/Martin-2.jpg\" alt=\"\"><\/figure><p><\/p>\n<h2 class=\"onas_headline\" style=\"text-align: left;\">Martin \u0160efara<\/h2>\n<p>Martin je nejnov\u011bj\u0161\u00edm \u010dlenem t\u00fdmu Nugget SW, kter\u00fd se rychle u\u010d\u00ed a zaj\u00edm\u00e1 se o nov\u00e9 technologie. Poch\u00e1z\u00ed z Ma\u0161\u0165ova a ji\u017e n\u011bkolik let \u017eije v Praze. Pracuje na pozici IT a je kontaktem pro v\u0161echny Va\u0161e technick\u00e9 dotazy, bezprobl\u00e9mov\u00fd p\u0159echod na nov\u00e9 verze programu i asistenci p\u0159i instalac\u00edch.<\/p>\n<p>Martinovou velkou v\u00e1\u0161n\u00ed je myslivost a turistika.<\/p>\n<p class=\"kontakt\"><span class=\"mail icon-email-envelope\">martin.sefara@rsm.cz<\/span><\/p>\n<\/li>\n<\/ul>\n<\/nav>\n<\/div><\/div>\n\n\n\n<p><\/p>\n","protected":false},"excerpt":{"rendered":"<p>Na\u0161e kancel\u00e1\u0159e Amazon Court,Karolinsk\u00e1 661\/4,18600 Praha 8,\u010cesk\u00e1 republika Na\u0161e hotline linka +420 253 253 400Po-P\u00e1 8:00 \u2013 16:00 Na\u0161e emailov\u00e1 adresa Napi\u0161te n\u00e1m na:hotline@nuggetsw.cz nebo it@nuggetsw.cz nebo hrportal@nuggetsw.cz Na\u0161e soci\u00e1ln\u00ed s\u00edt\u011b Naj\u00edt n\u00e1s m\u016f\u017eete na:Facebook nebo LinkedIn P\u0159e\u010dt\u011bte si o na\u0161\u00ed historii Prostor pro Va\u0161e dotazy Seznamte se s t\u00fdmem Nugget Marta Rosov\u00e1 Marta t\u00fdm [&hellip;]<\/p>\n","protected":false},"author":3,"featured_media":0,"parent":0,"menu_order":0,"comment_status":"closed","ping_status":"closed","template":"page-templates\/narrow.php","meta":{"footnotes":""},"class_list":["post-1041","page","type-page","status-publish","hentry"],"_links":{"self":[{"href":"https:\/\/podpora.nuggetsw.cz\/index.php\/wp-json\/wp\/v2\/pages\/1041","targetHints":{"allow":["GET"]}}],"collection":[{"href":"https:\/\/podpora.nuggetsw.cz\/index.php\/wp-json\/wp\/v2\/pages"}],"about":[{"href":"https:\/\/podpora.nuggetsw.cz\/index.php\/wp-json\/wp\/v2\/types\/page"}],"author":[{"embeddable":true,"href":"https:\/\/podpora.nuggetsw.cz\/index.php\/wp-json\/wp\/v2\/users\/3"}],"replies":[{"embeddable":true,"href":"https:\/\/podpora.nuggetsw.cz\/index.php\/wp-json\/wp\/v2\/comments?post=1041"}],"version-history":[{"count":198,"href":"https:\/\/podpora.nuggetsw.cz\/index.php\/wp-json\/wp\/v2\/pages\/1041\/revisions"}],"predecessor-version":[{"id":10383,"href":"https:\/\/podpora.nuggetsw.cz\/index.php\/wp-json\/wp\/v2\/pages\/1041\/revisions\/10383"}],"wp:attachment":[{"href":"https:\/\/podpora.nuggetsw.cz\/index.php\/wp-json\/wp\/v2\/media?parent=1041"}],"curies":[{"name":"wp","href":"https:\/\/api.w.org\/{rel}","templated":true}]}}